{"id":9,"date":"2010-11-19T21:50:25","date_gmt":"2010-11-20T00:50:25","guid":{"rendered":"http:\/\/aprendeacadrapido.com\/blog\/?page_id=9"},"modified":"2021-08-05T09:35:01","modified_gmt":"2021-08-05T12:35:01","slug":"nosotros","status":"publish","type":"page","link":"https:\/\/www.aprendeacadrapido.com\/blog\/nosotros\/","title":{"rendered":"Nosotros"},"content":{"rendered":"\n<figure class=\"wp-block-image is-style-circle-mask\"><img loading=\"lazy\" decoding=\"async\" width=\"1024\" height=\"605\" src=\"https:\/\/aprendeacadrapido.com\/blog\/wp-content\/uploads\/2020\/02\/2017-03-23-13-50-13-1024x605.jpg\" alt=\"\" class=\"wp-image-1674\" srcset=\"https:\/\/www.aprendeacadrapido.com\/blog\/wp-content\/uploads\/2020\/02\/2017-03-23-13-50-13-1024x605.jpg 1024w, https:\/\/www.aprendeacadrapido.com\/blog\/wp-content\/uploads\/2020\/02\/2017-03-23-13-50-13-300x177.jpg 300w, https:\/\/www.aprendeacadrapido.com\/blog\/wp-content\/uploads\/2020\/02\/2017-03-23-13-50-13-768x454.jpg 768w, https:\/\/www.aprendeacadrapido.com\/blog\/wp-content\/uploads\/2020\/02\/2017-03-23-13-50-13-1536x908.jpg 1536w, https:\/\/www.aprendeacadrapido.com\/blog\/wp-content\/uploads\/2020\/02\/2017-03-23-13-50-13-2048x1211.jpg 2048w\" sizes=\"(max-width: 1024px) 100vw, 1024px\" \/><\/figure>\n\n\n\n<div class=\"wp-block-group\"><div class=\"wp-block-group__inner-container is-layout-flow wp-block-group-is-layout-flow\">\n<p>\u00a0<\/p>\n<blockquote>\n<p>En este sitio proveemos informaci\u00f3n relacionada con AutoCAD\u00ae mediante art\u00edculos de texto, o bien con videos tutoriales.<\/p>\n<p>Aqu\u00ed encontrar\u00e1s mucha informaci\u00f3n gratuita y tambi\u00e9n otra que no lo es, pero que te acelera a\u00fan m\u00e1s tu curva de aprendizaje.<\/p>\n<p>La idea es que logres mejorar tu dominio de AutoCAD\u00ae al nivel que tu decidas llegar. Eso depende de ti.<\/p>\n<\/blockquote>\n<p>Hola Colega! Mi nombre es Claudio F\u0131umara, usuario de AutoCAD\u00ae desde el a\u00f1o 1991. Estoy casado, tengo un hijo y hace poco naci\u00f3 mi segunda hija. Desde el a\u00f1o 1998 que he trabajado en empresas de ingenier\u00eda, agua y saneamiento y construcci\u00f3n, principalmente en las \u00e1reas de tuber\u00edas y procesos.<\/p>\n<p>Empec\u00e9 a aprender\u00a0AutoCAD\u00ae\u00a0con la versi\u00f3n R12 (bajo D.O.S., sin windows).\u00a0Estuve a cargo y asistiendo a cinco personas, todos usuarios avanzados de AutoCAD\u00ae, dentro de una de estas empresas en donde he trabajado, y tambi\u00e9n me he desarrollado como administrador CAD.<\/p>\n<p>Me apasiona manejar el AutoCAD\u00ae y transmitir mis conocimientos hacia los dem\u00e1s. Mi mayor gratificaci\u00f3n es saber que estoy siendo \u00fatil con mi ense\u00f1anza y trabajo.<\/p>\n<p>El prop\u00f3sito de esta sitio\u00a0es lograr que t\u00fa, al igual que toda aquella persona que todav\u00eda no ha podido aprender AutoCAD\u00ae en 2D o en 3D, ya sea por\u00a0escasez\u00a0de tiempo, por miedo a la dificultad o por falta de confianza, simplemente <span style=\"text-decoration: underline;\">lo hagas de una vez<\/span>.<\/p>\n<p>Si yo pude aprender y dominar AutoCAD\u00ae, Tu tambi\u00e9n lo vas a lograr!<\/p>\n<p><span style=\"color: #ffffff;\">.<\/span><\/p>\n<p><strong><em>Por Tus \u00c9xitos<br \/><\/em><\/strong>Claudio F\u0131umara.<\/p>\n\n<\/div><\/div>\n","protected":false},"excerpt":{"rendered":"<p>\u00a0 En este sitio proveemos informaci\u00f3n relacionada con AutoCAD\u00ae mediante art\u00edculos de texto, o bien con videos tutoriales. Aqu\u00ed encontrar\u00e1s mucha informaci\u00f3n gratuita y tambi\u00e9n otra que no lo es, pero que te acelera a\u00fan m\u00e1s tu curva de aprendizaje. La idea es que logres mejorar tu dominio de AutoCAD\u00ae al nivel que tu decidas [&hellip;]<\/p>\n","protected":false},"author":1,"featured_media":0,"parent":0,"menu_order":2,"comment_status":"open","ping_status":"closed","template":"","meta":{"footnotes":""},"_links":{"self":[{"href":"https:\/\/www.aprendeacadrapido.com\/blog\/wp-json\/wp\/v2\/pages\/9"}],"collection":[{"href":"https:\/\/www.aprendeacadrapido.com\/blog\/wp-json\/wp\/v2\/pages"}],"about":[{"href":"https:\/\/www.aprendeacadrapido.com\/blog\/wp-json\/wp\/v2\/types\/page"}],"author":[{"embeddable":true,"href":"https:\/\/www.aprendeacadrapido.com\/blog\/wp-json\/wp\/v2\/users\/1"}],"replies":[{"embeddable":true,"href":"https:\/\/www.aprendeacadrapido.com\/blog\/wp-json\/wp\/v2\/comments?post=9"}],"version-history":[{"count":3,"href":"https:\/\/www.aprendeacadrapido.com\/blog\/wp-json\/wp\/v2\/pages\/9\/revisions"}],"predecessor-version":[{"id":1891,"href":"https:\/\/www.aprendeacadrapido.com\/blog\/wp-json\/wp\/v2\/pages\/9\/revisions\/1891"}],"wp:attachment":[{"href":"https:\/\/www.aprendeacadrapido.com\/blog\/wp-json\/wp\/v2\/media?parent=9"}],"curies":[{"name":"wp","href":"https:\/\/api.w.org\/{rel}","templated":true}]}}