{"id":437,"date":"2013-07-05T11:40:57","date_gmt":"2013-07-05T14:40:57","guid":{"rendered":"http:\/\/aprendeacadrapido.com\/blog\/?page_id=437"},"modified":"2020-06-15T23:17:19","modified_gmt":"2020-06-16T02:17:19","slug":"servicios","status":"publish","type":"page","link":"https:\/\/www.aprendeacadrapido.com\/blog\/servicios\/","title":{"rendered":"Servicios"},"content":{"rendered":"<h3><strong>* 1 Hora<\/strong> de consultor\u00eda on-line (v\u00eda Skype): USD 190.-<\/h3>\n<h3><\/h3>\n<p style=\"padding-left: 60px;\">* Incluye soporte v\u00eda email por 10 d\u00edas<br \/>\n(sobre consultas, consejos y dudas de los temas vistos) .<\/p>\n<p>Solicitudes:<\/p>\n<p><a style=\"font-size: 1em;\" href=\"mailto:info@aprendeacadrapido.com\">info@aprendeacadrapido.com<\/a><\/p>\n","protected":false},"excerpt":{"rendered":"<p>* 1 Hora de consultor\u00eda on-line (v\u00eda Skype): USD 190.- * Incluye soporte v\u00eda email por 10 d\u00edas (sobre consultas, consejos y dudas de los temas vistos) . Solicitudes: info@aprendeacadrapido.com<\/p>\n","protected":false},"author":1,"featured_media":0,"parent":0,"menu_order":0,"comment_status":"open","ping_status":"closed","template":"","meta":{"footnotes":""},"_links":{"self":[{"href":"https:\/\/www.aprendeacadrapido.com\/blog\/wp-json\/wp\/v2\/pages\/437"}],"collection":[{"href":"https:\/\/www.aprendeacadrapido.com\/blog\/wp-json\/wp\/v2\/pages"}],"about":[{"href":"https:\/\/www.aprendeacadrapido.com\/blog\/wp-json\/wp\/v2\/types\/page"}],"author":[{"embeddable":true,"href":"https:\/\/www.aprendeacadrapido.com\/blog\/wp-json\/wp\/v2\/users\/1"}],"replies":[{"embeddable":true,"href":"https:\/\/www.aprendeacadrapido.com\/blog\/wp-json\/wp\/v2\/comments?post=437"}],"version-history":[{"count":3,"href":"https:\/\/www.aprendeacadrapido.com\/blog\/wp-json\/wp\/v2\/pages\/437\/revisions"}],"predecessor-version":[{"id":1842,"href":"https:\/\/www.aprendeacadrapido.com\/blog\/wp-json\/wp\/v2\/pages\/437\/revisions\/1842"}],"wp:attachment":[{"href":"https:\/\/www.aprendeacadrapido.com\/blog\/wp-json\/wp\/v2\/media?parent=437"}],"curies":[{"name":"wp","href":"https:\/\/api.w.org\/{rel}","templated":true}]}}